{"id":9,"date":"2024-01-20T13:02:58","date_gmt":"2024-01-20T13:02:58","guid":{"rendered":"https:\/\/nadirbabouri.fr\/Flatness\/?page_id=9"},"modified":"2025-06-10T11:59:51","modified_gmt":"2025-06-10T11:59:51","slug":"elementor-9","status":"publish","type":"page","link":"https:\/\/nadirbabouri.be\/Flatness\/","title":{"rendered":""},"content":{"rendered":"\t\t<div data-elementor-type=\"wp-page\" data-elementor-id=\"9\" class=\"elementor elementor-9\">\n\t\t\t\t<div class=\"elementor-element elementor-element-05ba62c e-con-full e-flex e-con e-parent\" data-id=\"05ba62c\" data-element_type=\"container\" data-e-type=\"container\">\n\t\t\t\t<div class=\"elementor-element elementor-element-845db68 elementor-widget elementor-widget-video\" data-id=\"845db68\" data-element_type=\"widget\" data-e-type=\"widget\" data-settings=\"{&quot;video_type&quot;:&quot;hosted&quot;,&quot;show_image_overlay&quot;:&quot;yes&quot;,&quot;image_overlay&quot;:{&quot;url&quot;:&quot;https:\\\/\\\/nadirbabouri.fr\\\/Flatness\\\/wp-content\\\/uploads\\\/sites\\\/28\\\/2024\\\/04\\\/16_9_\\u30b2\\u30d0\\u30eb\\u30c8\\u5c55.png&quot;,&quot;id&quot;:212,&quot;size&quot;:&quot;&quot;,&quot;alt&quot;:&quot;&quot;,&quot;source&quot;:&quot;library&quot;},&quot;lightbox&quot;:&quot;yes&quot;,&quot;controls&quot;:&quot;yes&quot;}\" data-widget_type=\"video.default\">\n\t\t\t\t<div class=\"elementor-widget-container\">\n\t\t\t\t\t\t\t<div class=\"e-hosted-video elementor-wrapper elementor-open-lightbox\">\n\t\t\t\t\t\t\t<div class=\"elementor-custom-embed-image-overlay\" data-elementor-open-lightbox=\"yes\" data-elementor-lightbox=\"{&quot;type&quot;:&quot;video&quot;,&quot;videoType&quot;:&quot;hosted&quot;,&quot;url&quot;:&quot;https:\\\/\\\/nadirbabouri.be\\\/Flatness\\\/wp-content\\\/uploads\\\/sites\\\/28\\\/2024\\\/11\\\/flatness_rehearsal_IF_Tokyo_13052024.mp4&quot;,&quot;autoplay&quot;:&quot;&quot;,&quot;modalOptions&quot;:{&quot;id&quot;:&quot;elementor-lightbox-845db68&quot;,&quot;entranceAnimation&quot;:&quot;&quot;,&quot;entranceAnimation_tablet&quot;:&quot;&quot;,&quot;entranceAnimation_mobile&quot;:&quot;&quot;,&quot;videoAspectRatio&quot;:&quot;169&quot;},&quot;videoParams&quot;:{&quot;controls&quot;:&quot;&quot;,&quot;preload&quot;:&quot;metadata&quot;,&quot;controlsList&quot;:&quot;nodownload&quot;,&quot;poster&quot;:&quot;https:\\\/\\\/nadirbabouri.fr\\\/Flatness\\\/wp-content\\\/uploads\\\/sites\\\/28\\\/2024\\\/04\\\/16_9_\\u30b2\\u30d0\\u30eb\\u30c8\\u5c55.png&quot;}}\" data-e-action-hash=\"#elementor-action%3Aaction%3Dlightbox%26settings%3DeyJ0eXBlIjoidmlkZW8iLCJ2aWRlb1R5cGUiOiJob3N0ZWQiLCJ1cmwiOiJodHRwczpcL1wvbmFkaXJiYWJvdXJpLmJlXC9GbGF0bmVzc1wvd3AtY29udGVudFwvdXBsb2Fkc1wvc2l0ZXNcLzI4XC8yMDI0XC8xMVwvZmxhdG5lc3NfcmVoZWFyc2FsX0lGX1Rva3lvXzEzMDUyMDI0Lm1wNCIsImF1dG9wbGF5IjoiIiwibW9kYWxPcHRpb25zIjp7ImlkIjoiZWxlbWVudG9yLWxpZ2h0Ym94LTg0NWRiNjgiLCJlbnRyYW5jZUFuaW1hdGlvbiI6IiIsImVudHJhbmNlQW5pbWF0aW9uX3RhYmxldCI6IiIsImVudHJhbmNlQW5pbWF0aW9uX21vYmlsZSI6IiIsInZpZGVvQXNwZWN0UmF0aW8iOiIxNjkifSwidmlkZW9QYXJhbXMiOnsiY29udHJvbHMiOiIiLCJwcmVsb2FkIjoibWV0YWRhdGEiLCJjb250cm9sc0xpc3QiOiJub2Rvd25sb2FkIiwicG9zdGVyIjoiaHR0cHM6XC9cL25hZGlyYmFib3VyaS5mclwvRmxhdG5lc3NcL3dwLWNvbnRlbnRcL3VwbG9hZHNcL3NpdGVzXC8yOFwvMjAyNFwvMDRcLzE2XzlfXHUzMGIyXHUzMGQwXHUzMGViXHUzMGM4XHU1YzU1LnBuZyJ9fQ%3D%3D\">\n\t\t\t\t\t\t\t\t\t\t\t<img fetchpriority=\"high\" decoding=\"async\" width=\"16000\" height=\"9000\" src=\"https:\/\/nadirbabouri.be\/Flatness\/wp-content\/uploads\/sites\/28\/2024\/04\/16_9_\u30b2\u30d0\u30eb\u30c8\u5c55.png\" class=\"attachment-full size-full wp-image-212\" alt=\"\" srcset=\"https:\/\/nadirbabouri.be\/Flatness\/wp-content\/uploads\/sites\/28\/2024\/04\/16_9_\u30b2\u30d0\u30eb\u30c8\u5c55.png 16000w, https:\/\/nadirbabouri.be\/Flatness\/wp-content\/uploads\/sites\/28\/2024\/04\/16_9_\u30b2\u30d0\u30eb\u30c8\u5c55-300x169.png 300w, https:\/\/nadirbabouri.be\/Flatness\/wp-content\/uploads\/sites\/28\/2024\/04\/16_9_\u30b2\u30d0\u30eb\u30c8\u5c55-1024x576.png 1024w, https:\/\/nadirbabouri.be\/Flatness\/wp-content\/uploads\/sites\/28\/2024\/04\/16_9_\u30b2\u30d0\u30eb\u30c8\u5c55-768x432.png 768w, https:\/\/nadirbabouri.be\/Flatness\/wp-content\/uploads\/sites\/28\/2024\/04\/16_9_\u30b2\u30d0\u30eb\u30c8\u5c55-1536x864.png 1536w, https:\/\/nadirbabouri.be\/Flatness\/wp-content\/uploads\/sites\/28\/2024\/04\/16_9_\u30b2\u30d0\u30eb\u30c8\u5c55-2048x1152.png 2048w, https:\/\/nadirbabouri.be\/Flatness\/wp-content\/uploads\/sites\/28\/2024\/04\/16_9_\u30b2\u30d0\u30eb\u30c8\u5c55-1110x624.png 1110w, https:\/\/nadirbabouri.be\/Flatness\/wp-content\/uploads\/sites\/28\/2024\/04\/16_9_\u30b2\u30d0\u30eb\u30c8\u5c55-528x297.png 528w\" sizes=\"(max-width: 16000px) 100vw, 16000px\" \/>\t\t\t\t\t\t\t\t\t\t\t\t\t\t\t\t<div class=\"elementor-custom-embed-play\" role=\"button\" aria-label=\"Play Video\" tabindex=\"0\">\n\t\t\t\t\t\t\t<svg aria-hidden=\"true\" class=\"e-font-icon-svg e-eicon-play\" viewBox=\"0 0 1000 1000\" xmlns=\"http:\/\/www.w3.org\/2000\/svg\"><path d=\"M838 162C746 71 633 25 500 25 371 25 258 71 163 162 71 254 25 367 25 500 25 633 71 746 163 837 254 929 367 979 500 979 633 979 746 933 838 837 929 746 975 633 975 500 975 367 929 254 838 162M808 192C892 279 933 379 933 500 933 621 892 725 808 808 725 892 621 938 500 938 379 938 279 896 196 808 113 725 67 621 67 500 67 379 108 279 196 192 279 108 383 62 500 62 621 62 721 108 808 192M438 392V642L642 517 438 392Z\"><\/path><\/svg>\t\t\t\t\t\t<\/div>\n\t\t\t\t\t\t\t\t\t<\/div>\n\t\t\t\t\t<\/div>\n\t\t\t\t\t\t<\/div>\n\t\t\t\t<\/div>\n\t\t\t\t<\/div>\n\t\t<div class=\"elementor-element elementor-element-a1b931d e-flex e-con-boxed e-con e-parent\" data-id=\"a1b931d\" data-element_type=\"container\" data-e-type=\"container\">\n\t\t\t\t\t<div class=\"e-con-inner\">\n\t\t\t\t<div class=\"elementor-element elementor-element-e105a78 elementor-widget elementor-widget-text-editor\" data-id=\"e105a78\" data-element_type=\"widget\" data-e-type=\"widget\" data-widget_type=\"text-editor.default\">\n\t\t\t\t<div class=\"elementor-widget-container\">\n\t\t\t\t\t\t\t\t\t<p><em>Flatness<\/em> (Rehearsal)<\/p><p>Conception &amp; Composition Audiovisuelle : nadir B.<\/p><p>Chor\u00e9graphie : Iss\u00f4 Miura<\/p><p>Percussions &amp; \u00c9lectronique : nadir B.<\/p><p>Performance \u00e0 l&#8217;Institut Fran\u00e7ais de Tokyo | 15\/06\/2024<\/p><p><a href=\"https:\/\/culture.institutfrancais.jp\/fr\/event\/exposition-gewalt\">https:\/\/culture.institutfrancais.jp\/exposition-gewalt<\/a><\/p>\t\t\t\t\t\t\t\t<\/div>\n\t\t\t\t<\/div>\n\t\t\t\t\t<\/div>\n\t\t\t\t<\/div>\n\t\t<div class=\"elementor-element elementor-element-d9f3b93 e-flex e-con-boxed e-con e-parent\" data-id=\"d9f3b93\" data-element_type=\"container\" data-e-type=\"container\">\n\t\t\t\t\t<div class=\"e-con-inner\">\n\t\t\t\t<div class=\"elementor-element elementor-element-ed12f36 elementor-widget elementor-widget-text-editor\" data-id=\"ed12f36\" data-element_type=\"widget\" data-e-type=\"widget\" data-widget_type=\"text-editor.default\">\n\t\t\t\t<div class=\"elementor-widget-container\">\n\t\t\t\t\t\t\t\t\t<p style=\"text-align: justify;\"><em>Flatness<\/em> est une performance audiovisuelle qui conjugue une ligne musicale compos\u00e9e de miniatures \u00e9lectroacoustiques, une ligne graphique fini repr\u00e9sentant la variation de l\u2019amplitude de cette ligne musicale dans le temps, et une ligne chor\u00e9graphique compos\u00e9e par un danseur contemporain op\u00e9rant la conjugaison. <em>Flatness<\/em> est une performance dans laquelle un individu se trouve sans cesse en pourparlers avec lui-m\u00eame, avec les lignes qu&#8217;il trace, avec l\u2019\u00e9lan vital qu&#8217;il engage \u00ab \u2026 [afin] de d\u00e9passer les sch\u00e9mas culturels et les institutions qui le privent de la compr\u00e9hension de ses possibilit\u00e9s et de ses limites, et l\u2019enferment dans cette duret\u00e9 \u00e0 l\u2019\u00e9gard de l\u2019autre et de lui-m\u00eame.\u00bb*<\/p><p style=\"text-align: justify;\">Flatness est aussi un hommage \u00e0 la danse But\u014d qui tente de d\u00e9masquer le corps social de l\u2019individu culturellement mani\u00e9r\u00e9.<\/p><p>Isso Miura. Born in Pyongyang (1937); Japan Mime Institute learned with Hironobu Oikawa, Kazuo Ohno, Shinya Ando (1962); &#8220;The Act of Bowing&#8221; with Kei Takei, Takehisa Kosugi, Toshi Ichiyanagi, Yasunao Tone (1965); Butoh-sha VAV starts. &#8220;Miroir de la tauromachie&#8221; with Yeisei Yano, Tomoko Fujii (1967); Bring Butoh to the Nancy World Theater Festival, Guest Performance (Butoh) Butoh-sha VAV &#8220;Gate&#8221;, International Group Theater Festival organized by Eugenio Barba and Growtowtsky in Bergamo Italy (Miura met Barba in 1977); Encuentro Ayacucho (next to the Odin Teatret 1978); International Year of the Child (UNESCO) invited Odin Teatret to Japan. Performance in Kamagasaki. (1980); invited Jan Fabre to Japan (1986); tour with European Company (1989); Ayacucho Peru Meeting (2018).<\/p><p>Miura has been one of the early founders of Butoh in the broadest sense, since 1950. He learned alongside Kazuo Ohno and Hironobu Oikawa. And one of the early dancers who introduced Butoh in France and Poland back in 1960. Eugenio Barba recognized Miura&#8217;s work and presented it to Latin America at the Encuentro Ayacucho Per\u00fa (1978).<\/p>\t\t\t\t\t\t\t\t<\/div>\n\t\t\t\t<\/div>\n\t\t\t\t\t<\/div>\n\t\t\t\t<\/div>\n\t\t<div class=\"elementor-element elementor-element-abe109e e-flex e-con-boxed e-con e-parent\" data-id=\"abe109e\" data-element_type=\"container\" data-e-type=\"container\">\n\t\t\t\t\t<div class=\"e-con-inner\">\n\t\t\t\t<div class=\"elementor-element elementor-element-2416413 elementor-widget elementor-widget-video\" data-id=\"2416413\" data-element_type=\"widget\" data-e-type=\"widget\" data-settings=\"{&quot;video_type&quot;:&quot;hosted&quot;,&quot;show_image_overlay&quot;:&quot;yes&quot;,&quot;image_overlay&quot;:{&quot;url&quot;:&quot;https:\\\/\\\/nadirbabouri.fr\\\/Flatness\\\/wp-content\\\/uploads\\\/sites\\\/28\\\/2024\\\/11\\\/0K1A1875-\\u5f37\\u5316-NR-scaled.jpg&quot;,&quot;id&quot;:388,&quot;size&quot;:&quot;&quot;,&quot;alt&quot;:&quot;&quot;,&quot;source&quot;:&quot;library&quot;},&quot;controls&quot;:&quot;yes&quot;}\" data-widget_type=\"video.default\">\n\t\t\t\t<div class=\"elementor-widget-container\">\n\t\t\t\t\t\t\t<div class=\"e-hosted-video elementor-wrapper elementor-open-inline\">\n\t\t\t\t\t<video class=\"elementor-video\" src=\"https:\/\/nadirbabouri.be\/Flatness\/wp-content\/uploads\/sites\/28\/2024\/11\/Flatness_Prelude_nadirB.mp4\" controls=\"\" preload=\"metadata\" controlsList=\"nodownload\"><\/video>\n\t\t\t\t\t\t<div class=\"elementor-custom-embed-image-overlay\" style=\"background-image: url(https:\/\/nadirbabouri.be\/Flatness\/wp-content\/uploads\/sites\/28\/2024\/11\/0K1A1875-\u5f37\u5316-NR-scaled.jpg);\">\n\t\t\t\t\t\t\t\t\t\t\t\t\t\t\t\t<div class=\"elementor-custom-embed-play\" role=\"button\" aria-label=\"Play Video\" tabindex=\"0\">\n\t\t\t\t\t\t\t<svg aria-hidden=\"true\" class=\"e-font-icon-svg e-eicon-play\" viewBox=\"0 0 1000 1000\" xmlns=\"http:\/\/www.w3.org\/2000\/svg\"><path d=\"M838 162C746 71 633 25 500 25 371 25 258 71 163 162 71 254 25 367 25 500 25 633 71 746 163 837 254 929 367 979 500 979 633 979 746 933 838 837 929 746 975 633 975 500 975 367 929 254 838 162M808 192C892 279 933 379 933 500 933 621 892 725 808 808 725 892 621 938 500 938 379 938 279 896 196 808 113 725 67 621 67 500 67 379 108 279 196 192 279 108 383 62 500 62 621 62 721 108 808 192M438 392V642L642 517 438 392Z\"><\/path><\/svg>\t\t\t\t\t\t<\/div>\n\t\t\t\t\t\t\t\t\t<\/div>\n\t\t\t\t\t<\/div>\n\t\t\t\t\t\t<\/div>\n\t\t\t\t<\/div>\n\t\t\t\t<div class=\"elementor-element elementor-element-77f981b elementor-widget elementor-widget-text-editor\" data-id=\"77f981b\" data-element_type=\"widget\" data-e-type=\"widget\" data-widget_type=\"text-editor.default\">\n\t\t\t\t<div class=\"elementor-widget-container\">\n\t\t\t\t\t\t\t\t\t<p><em>Flatness<\/em> (<em>Prelude<\/em>)<\/p><p>Installation Audiovisuelle : nadir B.<\/p><p>Exposition Gewalt | Institut Fran\u00e7ais Tokyo<\/p><p>18 Mai au 16 Juin 2024.<\/p><p>Commissaire d&#8217;exposition :\u00a0 Alexandre Taalba<\/p><p><a href=\"https:\/\/gewaltdantai.com\/fr\/\">https:\/\/gewaltdantai.com\/fr\/<\/a><\/p>\t\t\t\t\t\t\t\t<\/div>\n\t\t\t\t<\/div>\n\t\t\t\t\t<\/div>\n\t\t\t\t<\/div>\n\t\t<div class=\"elementor-element elementor-element-16eae11 e-flex e-con-boxed e-con e-parent\" data-id=\"16eae11\" data-element_type=\"container\" data-e-type=\"container\">\n\t\t\t\t\t<div class=\"e-con-inner\">\n\t\t\t\t<div class=\"elementor-element elementor-element-422c2f3 elementor-widget elementor-widget-video\" data-id=\"422c2f3\" data-element_type=\"widget\" data-e-type=\"widget\" data-settings=\"{&quot;video_type&quot;:&quot;hosted&quot;,&quot;show_image_overlay&quot;:&quot;yes&quot;,&quot;image_overlay&quot;:{&quot;url&quot;:&quot;https:\\\/\\\/nadirbabouri.fr\\\/Flatness\\\/wp-content\\\/uploads\\\/sites\\\/28\\\/2024\\\/01\\\/flatness_buto_23.png&quot;,&quot;id&quot;:149,&quot;size&quot;:&quot;&quot;,&quot;alt&quot;:&quot;&quot;,&quot;source&quot;:&quot;library&quot;},&quot;lightbox&quot;:&quot;yes&quot;,&quot;controls&quot;:&quot;yes&quot;}\" data-widget_type=\"video.default\">\n\t\t\t\t<div class=\"elementor-widget-container\">\n\t\t\t\t\t\t\t<div class=\"e-hosted-video elementor-wrapper elementor-open-lightbox\">\n\t\t\t\t\t\t\t<div class=\"elementor-custom-embed-image-overlay\" data-elementor-open-lightbox=\"yes\" data-elementor-lightbox=\"{&quot;type&quot;:&quot;video&quot;,&quot;videoType&quot;:&quot;hosted&quot;,&quot;url&quot;:&quot;https:\\\/\\\/nadirbabouri.be\\\/Flatness\\\/wp-content\\\/uploads\\\/sites\\\/28\\\/2024\\\/01\\\/buto_percussion_exploration_05.mp4&quot;,&quot;autoplay&quot;:&quot;&quot;,&quot;modalOptions&quot;:{&quot;id&quot;:&quot;elementor-lightbox-422c2f3&quot;,&quot;entranceAnimation&quot;:&quot;&quot;,&quot;entranceAnimation_tablet&quot;:&quot;&quot;,&quot;entranceAnimation_mobile&quot;:&quot;&quot;,&quot;videoAspectRatio&quot;:&quot;169&quot;},&quot;videoParams&quot;:{&quot;controls&quot;:&quot;&quot;,&quot;preload&quot;:&quot;metadata&quot;,&quot;controlsList&quot;:&quot;nodownload&quot;}}\" data-e-action-hash=\"#elementor-action%3Aaction%3Dlightbox%26settings%3DeyJ0eXBlIjoidmlkZW8iLCJ2aWRlb1R5cGUiOiJob3N0ZWQiLCJ1cmwiOiJodHRwczpcL1wvbmFkaXJiYWJvdXJpLmJlXC9GbGF0bmVzc1wvd3AtY29udGVudFwvdXBsb2Fkc1wvc2l0ZXNcLzI4XC8yMDI0XC8wMVwvYnV0b19wZXJjdXNzaW9uX2V4cGxvcmF0aW9uXzA1Lm1wNCIsImF1dG9wbGF5IjoiIiwibW9kYWxPcHRpb25zIjp7ImlkIjoiZWxlbWVudG9yLWxpZ2h0Ym94LTQyMmMyZjMiLCJlbnRyYW5jZUFuaW1hdGlvbiI6IiIsImVudHJhbmNlQW5pbWF0aW9uX3RhYmxldCI6IiIsImVudHJhbmNlQW5pbWF0aW9uX21vYmlsZSI6IiIsInZpZGVvQXNwZWN0UmF0aW8iOiIxNjkifSwidmlkZW9QYXJhbXMiOnsiY29udHJvbHMiOiIiLCJwcmVsb2FkIjoibWV0YWRhdGEiLCJjb250cm9sc0xpc3QiOiJub2Rvd25sb2FkIn19\">\n\t\t\t\t\t\t\t\t\t\t\t<img decoding=\"async\" width=\"2568\" height=\"1437\" src=\"https:\/\/nadirbabouri.be\/Flatness\/wp-content\/uploads\/sites\/28\/2024\/01\/flatness_buto_23.png\" class=\"attachment-full size-full wp-image-149\" alt=\"\" srcset=\"https:\/\/nadirbabouri.be\/Flatness\/wp-content\/uploads\/sites\/28\/2024\/01\/flatness_buto_23.png 2568w, https:\/\/nadirbabouri.be\/Flatness\/wp-content\/uploads\/sites\/28\/2024\/01\/flatness_buto_23-300x168.png 300w, https:\/\/nadirbabouri.be\/Flatness\/wp-content\/uploads\/sites\/28\/2024\/01\/flatness_buto_23-1024x573.png 1024w, https:\/\/nadirbabouri.be\/Flatness\/wp-content\/uploads\/sites\/28\/2024\/01\/flatness_buto_23-768x430.png 768w, https:\/\/nadirbabouri.be\/Flatness\/wp-content\/uploads\/sites\/28\/2024\/01\/flatness_buto_23-1536x860.png 1536w, https:\/\/nadirbabouri.be\/Flatness\/wp-content\/uploads\/sites\/28\/2024\/01\/flatness_buto_23-2048x1146.png 2048w\" sizes=\"(max-width: 2568px) 100vw, 2568px\" \/>\t\t\t\t\t\t\t\t\t\t\t\t\t\t\t\t<div class=\"elementor-custom-embed-play\" role=\"button\" aria-label=\"Play Video\" tabindex=\"0\">\n\t\t\t\t\t\t\t<svg aria-hidden=\"true\" class=\"e-font-icon-svg e-eicon-play\" viewBox=\"0 0 1000 1000\" xmlns=\"http:\/\/www.w3.org\/2000\/svg\"><path d=\"M838 162C746 71 633 25 500 25 371 25 258 71 163 162 71 254 25 367 25 500 25 633 71 746 163 837 254 929 367 979 500 979 633 979 746 933 838 837 929 746 975 633 975 500 975 367 929 254 838 162M808 192C892 279 933 379 933 500 933 621 892 725 808 808 725 892 621 938 500 938 379 938 279 896 196 808 113 725 67 621 67 500 67 379 108 279 196 192 279 108 383 62 500 62 621 62 721 108 808 192M438 392V642L642 517 438 392Z\"><\/path><\/svg>\t\t\t\t\t\t<\/div>\n\t\t\t\t\t\t\t\t\t<\/div>\n\t\t\t\t\t<\/div>\n\t\t\t\t\t\t<\/div>\n\t\t\t\t<\/div>\n\t\t\t\t<div class=\"elementor-element elementor-element-d1f2545 elementor-widget elementor-widget-text-editor\" data-id=\"d1f2545\" data-element_type=\"widget\" data-e-type=\"widget\" data-widget_type=\"text-editor.default\">\n\t\t\t\t<div class=\"elementor-widget-container\">\n\t\t\t\t\t\t\t\t\t<p><em>Flatness<\/em> (<em>Line<\/em>)<\/p>\t\t\t\t\t\t\t\t<\/div>\n\t\t\t\t<\/div>\n\t\t\t\t\t<\/div>\n\t\t\t\t<\/div>\n\t\t<div class=\"elementor-element elementor-element-325a54f e-flex e-con-boxed e-con e-parent\" data-id=\"325a54f\" data-element_type=\"container\" data-e-type=\"container\">\n\t\t\t\t\t<div class=\"e-con-inner\">\n\t\t\t\t<div class=\"elementor-element elementor-element-7cb7e5a elementor-widget elementor-widget-text-editor\" data-id=\"7cb7e5a\" data-element_type=\"widget\" data-e-type=\"widget\" data-widget_type=\"text-editor.default\">\n\t\t\t\t<div class=\"elementor-widget-container\">\n\t\t\t\t\t\t\t\t\t<p>* Edward T. Hall, <em>Au-del\u00e0 de la culture<\/em>, \u00c9ditions du Seuil, 1979.\u00a0<\/p><p>** The graphic audiosvisual component uses Meyda, a Javascript audio feature extraction library.<\/p>\t\t\t\t\t\t\t\t<\/div>\n\t\t\t\t<\/div>\n\t\t\t\t\t<\/div>\n\t\t\t\t<\/div>\n\t\t\t\t<\/div>\n\t\t","protected":false},"excerpt":{"rendered":"<p>https:\/\/nadirbabouri.be\/Flatness\/wp-content\/uploads\/sites\/28\/2024\/11\/flatness_rehearsal_IF_Tokyo_13052024.mp4 Flatness (Rehearsal) Conception &amp; Composition Audiovisuelle : nadir B. Chor\u00e9graphie : Iss\u00f4 Miura Percussions &amp; \u00c9lectronique : nadir B. Performance \u00e0 l&#8217;Institut Fran\u00e7ais de Tokyo | 15\/06\/2024 https:\/\/culture.institutfrancais.jp\/exposition-gewalt Flatness est une performance audiovisuelle qui conjugue une ligne musicale compos\u00e9e de miniatures \u00e9lectroacoustiques, une ligne graphique fini repr\u00e9sentant la variation de l\u2019amplitude de cette ligne [&hellip;]<\/p>\n","protected":false},"author":1,"featured_media":0,"parent":0,"menu_order":0,"comment_status":"closed","ping_status":"closed","template":"","meta":{"episode_type":"","audio_file":"","podmotor_file_id":"","podmotor_episode_id":"","cover_image":"","cover_image_id":"","duration":"","filesize":"","filesize_raw":"","date_recorded":"","explicit":"","block":"","itunes_episode_number":"","itunes_title":"","itunes_season_number":"","itunes_episode_type":"","footnotes":""},"class_list":["post-9","page","type-page","status-publish","czr-hentry"],"_links":{"self":[{"href":"https:\/\/nadirbabouri.be\/Flatness\/wp-json\/wp\/v2\/pages\/9","targetHints":{"allow":["GET"]}}],"collection":[{"href":"https:\/\/nadirbabouri.be\/Flatness\/wp-json\/wp\/v2\/pages"}],"about":[{"href":"https:\/\/nadirbabouri.be\/Flatness\/wp-json\/wp\/v2\/types\/page"}],"author":[{"embeddable":true,"href":"https:\/\/nadirbabouri.be\/Flatness\/wp-json\/wp\/v2\/users\/1"}],"replies":[{"embeddable":true,"href":"https:\/\/nadirbabouri.be\/Flatness\/wp-json\/wp\/v2\/comments?post=9"}],"version-history":[{"count":473,"href":"https:\/\/nadirbabouri.be\/Flatness\/wp-json\/wp\/v2\/pages\/9\/revisions"}],"predecessor-version":[{"id":796,"href":"https:\/\/nadirbabouri.be\/Flatness\/wp-json\/wp\/v2\/pages\/9\/revisions\/796"}],"wp:attachment":[{"href":"https:\/\/nadirbabouri.be\/Flatness\/wp-json\/wp\/v2\/media?parent=9"}],"curies":[{"name":"wp","href":"https:\/\/api.w.org\/{rel}","templated":true}]}}