{"id":121,"date":"2013-01-11T11:08:44","date_gmt":"2013-01-11T11:08:44","guid":{"rendered":"http:\/\/nadirbabouri.fr\/ponctuation_acoustique\/?page_id=121"},"modified":"2025-02-02T16:17:37","modified_gmt":"2025-02-02T16:17:37","slug":"poemes","status":"publish","type":"page","link":"https:\/\/nadirbabouri.be\/Ponctuation_Acoustique\/poemes\/","title":{"rendered":"Corpus"},"content":{"rendered":"<h3><a href=\"https:\/\/nadirbabouri.be\/ponctuation\/\" target=\"_blank\" rel=\"noopener\">https:\/\/nadirbabouri.be\/ponctuation\/<\/a><\/h3>\n<p>C\u2019est un<br \/>\nd\u00e9marrage la manie du jour<br \/>\nlent s\u00fbr &#8211; o\u00f9<br \/>\nreprendre voil\u00e0 aujourd\u2019hui<br \/>\ndans de l\u2019aujourd\u2019hui tr\u00e8s<br \/>\ntr\u00e8s long<br \/>\ndans le temps &#8212;&#8212;&#8212;&#8212;&#8211;<br \/>\nest-ce que la ligne tir\u00e9e<br \/>\nsuivante<br \/>\nva dire comment<br \/>\nfaire avec<br \/>\naujourd\u2019hui comment<br \/>\ndans la place<br \/>\nentrecrois\u00e9e<br \/>\nle parler des navettes des<br \/>\ndiagonales de fils<br \/>\nmuettes<br \/>\ntir\u00e9es<br \/>\nentre des mains<\/p>\n<p>demain font<br \/>\nferont trajet<br \/>\nmembrane de ton oreille<br \/>\npr\u00e8s<br \/>\nde ton oreille \u00e0 l\u2019int\u00e9rieur<br \/>\nde la cavit\u00e9<br \/>\ntimbr\u00e9e cela<br \/>\nd\u2019une secousse se dirait cr\u00e2nienne<br \/>\nonde<br \/>\n\u00e9cho long notes<br \/>\npour suivre comment il trace et<br \/>\nfume et<br \/>\nbleu<br \/>\ntir\u00e9 net<br \/>\npersiste en son en sa<br \/>\nr\u00e9sonance pas<br \/>\nsaisissable et pourtant<br \/>\nl\u00e0<br \/>\nici<br \/>\nest \u00e9poque<\/p>\n<p>Po\u00e8me tir\u00e9 de \u00ab\u00a0For\u00a0\u00bb<\/p>\n<p>Emmanuel Laugier, Argol Editions 2010<\/p>\n<audio class=\"wp-audio-shortcode\" id=\"audio-121-1\" preload=\"none\" style=\"width: 100%;\" controls=\"controls\"><source type=\"audio\/mpeg\" src=\"https:\/\/nadirbabouri.be\/Ponctuation_Acoustique\/wp-content\/uploads\/sites\/9\/2015\/02\/E.Laugier1.mp3?_=1\" \/><a href=\"https:\/\/nadirbabouri.be\/Ponctuation_Acoustique\/wp-content\/uploads\/sites\/9\/2015\/02\/E.Laugier1.mp3\">https:\/\/nadirbabouri.be\/Ponctuation_Acoustique\/wp-content\/uploads\/sites\/9\/2015\/02\/E.Laugier1.mp3<\/a><\/audio>\n","protected":false},"excerpt":{"rendered":"<p>https:\/\/nadirbabouri.be\/ponctuation\/ C\u2019est un d\u00e9marrage la manie du jour lent s\u00fbr &#8211; o\u00f9 reprendre voil\u00e0 aujourd\u2019hui dans de l\u2019aujourd\u2019hui tr\u00e8s tr\u00e8s long dans le temps &#8212;&#8212;&#8212;&#8212;&#8211; est-ce que la ligne tir\u00e9e suivante va dire comment faire avec aujourd\u2019hui comment dans la place entrecrois\u00e9e le parler des navettes des diagonales de fils muettes tir\u00e9es entre des mains [&hellip;]<\/p>\n","protected":false},"author":1,"featured_media":0,"parent":0,"menu_order":0,"comment_status":"closed","ping_status":"closed","template":"","meta":{"episode_type":"","audio_file":"","podmotor_file_id":"","podmotor_episode_id":"","cover_image":"","cover_image_id":"","duration":"","filesize":"","filesize_raw":"","date_recorded":"","explicit":"","block":"","itunes_episode_number":"","itunes_title":"","itunes_season_number":"","itunes_episode_type":"","footnotes":""},"class_list":["post-121","page","type-page","status-publish","czr-hentry"],"_links":{"self":[{"href":"https:\/\/nadirbabouri.be\/Ponctuation_Acoustique\/wp-json\/wp\/v2\/pages\/121","targetHints":{"allow":["GET"]}}],"collection":[{"href":"https:\/\/nadirbabouri.be\/Ponctuation_Acoustique\/wp-json\/wp\/v2\/pages"}],"about":[{"href":"https:\/\/nadirbabouri.be\/Ponctuation_Acoustique\/wp-json\/wp\/v2\/types\/page"}],"author":[{"embeddable":true,"href":"https:\/\/nadirbabouri.be\/Ponctuation_Acoustique\/wp-json\/wp\/v2\/users\/1"}],"replies":[{"embeddable":true,"href":"https:\/\/nadirbabouri.be\/Ponctuation_Acoustique\/wp-json\/wp\/v2\/comments?post=121"}],"version-history":[{"count":13,"href":"https:\/\/nadirbabouri.be\/Ponctuation_Acoustique\/wp-json\/wp\/v2\/pages\/121\/revisions"}],"predecessor-version":[{"id":557,"href":"https:\/\/nadirbabouri.be\/Ponctuation_Acoustique\/wp-json\/wp\/v2\/pages\/121\/revisions\/557"}],"wp:attachment":[{"href":"https:\/\/nadirbabouri.be\/Ponctuation_Acoustique\/wp-json\/wp\/v2\/media?parent=121"}],"curies":[{"name":"wp","href":"https:\/\/api.w.org\/{rel}","templated":true}]}}