{"id":162,"date":"2014-12-14T18:24:06","date_gmt":"2014-12-14T18:24:06","guid":{"rendered":"http:\/\/nadirbabouri.fr\/juliettedonadieu\/?page_id=162"},"modified":"2025-02-02T14:40:33","modified_gmt":"2025-02-02T14:40:33","slug":"langue-secouee","status":"publish","type":"page","link":"https:\/\/nadirbabouri.be\/juliettedonadieu\/langue-secouee\/","title":{"rendered":"Langue Secou\u00e9e"},"content":{"rendered":"<p style=\"text-align: justify;\">Langue_secou\u00e9e est une pi\u00e8ce \u00e9lectroacoustique<\/p>\n<p style=\"text-align: justify;\">Acoustique parce qu\u2019il s\u2019agit d\u2019une voix humaine enregistr\u00e9e<\/p>\n<p style=\"text-align: justify;\">\u00c9lectroacoustique parce que cette voix est transform\u00e9e \u00e0 l\u2019aide de l\u2019\u00e9lectronique<\/p>\n<p style=\"text-align: justify;\">Et plus pr\u00e9cis\u00e9ment, en utilisant un ordinateur ou un programme informatique<\/p>\n<p style=\"text-align: justify;\">Les sons que nous entendons proviennent tous de la voix<\/p>\n<p style=\"text-align: justify;\">Nous avons extrait de petites particules ou des grains de son<\/p>\n<p style=\"text-align: justify;\">Nous l\u2019avons fait \u00e0 l\u2019aide d\u2019une technique que l\u2019on nomme la synth\u00e8se granulaire (grain)<\/p>\n<p style=\"text-align: justify;\">Il y a les attaques ou le tout d\u00e9but du son des consonnes tel que les \u00abP\u00bb , les \u00abS\u00bb ou les \u00abT\u00bb<\/p>\n<p style=\"text-align: justify;\">Il y a les moments statiques d\u2019une voyelle<\/p>\n<p style=\"text-align: justify;\">Il y a les interstices ou l\u2019entre-deux d\u2019un mot ou d\u2019une strophe<\/p>\n<p style=\"text-align: justify;\">Il y a des respirations fugaces<\/p>\n<p style=\"text-align: justify;\">Ces particules sont devenues notre mat\u00e9riau sonore, riche et mall\u00e9able.<\/p>\n<p style=\"text-align: justify;\">Il y a le surgissement d\u2019un rythme, \u00e9labor\u00e9 \u00e0 partir d\u2019un montage sonore.<\/p>\n<p style=\"text-align: justify;\">Un rythme que nous sentons et exp\u00e9rimentons maintenant.<\/p>\n<p>nadir B.<\/p>\n<hr \/>\n<audio class=\"wp-audio-shortcode\" id=\"audio-162-1\" preload=\"none\" style=\"width: 100%;\" controls=\"controls\"><source type=\"audio\/mpeg\" src=\"https:\/\/nadirbabouri.be\/juliettedonadieu\/wp-content\/uploads\/sites\/8\/2018\/01\/Langue_Secoue\u0301e.mp3?_=1\" \/><a href=\"https:\/\/nadirbabouri.be\/juliettedonadieu\/wp-content\/uploads\/sites\/8\/2018\/01\/Langue_Secoue\u0301e.mp3\">https:\/\/nadirbabouri.be\/juliettedonadieu\/wp-content\/uploads\/sites\/8\/2018\/01\/Langue_Secoue\u0301e.mp3<\/a><\/audio>\n<p><span style=\"border-radius: 2px; text-indent: 20px; width: auto; padding: 0px 4px 0px 0px; text-align: center; font: bold 11px\/20px 'Helvetica Neue',Helvetica,sans-serif; color: #ffffff; background: #bd081c no-repeat scroll 3px 50% \/ 14px 14px; position: absolute; opacity: 1; z-index: 8675309; display: none; cursor: pointer; top: 1385px; left: 20px;\">Enregistrer<\/span><\/p>\n","protected":false},"excerpt":{"rendered":"<p>Langue_secou\u00e9e est une pi\u00e8ce \u00e9lectroacoustique Acoustique parce qu\u2019il s\u2019agit d\u2019une voix humaine enregistr\u00e9e \u00c9lectroacoustique parce que cette voix est transform\u00e9e \u00e0 l\u2019aide de l\u2019\u00e9lectronique Et plus pr\u00e9cis\u00e9ment, en utilisant un ordinateur ou un programme informatique Les sons que nous entendons proviennent tous de la voix Nous avons extrait de petites particules ou des grains de [&hellip;]<\/p>\n","protected":false},"author":1,"featured_media":0,"parent":0,"menu_order":0,"comment_status":"closed","ping_status":"closed","template":"","meta":{"episode_type":"","audio_file":"","podmotor_file_id":"","podmotor_episode_id":"","cover_image":"","cover_image_id":"","duration":"","filesize":"","filesize_raw":"","date_recorded":"","explicit":"","block":"","itunes_episode_number":"","itunes_title":"","itunes_season_number":"","itunes_episode_type":"","footnotes":""},"class_list":["post-162","page","type-page","status-publish","czr-hentry"],"_links":{"self":[{"href":"https:\/\/nadirbabouri.be\/juliettedonadieu\/wp-json\/wp\/v2\/pages\/162","targetHints":{"allow":["GET"]}}],"collection":[{"href":"https:\/\/nadirbabouri.be\/juliettedonadieu\/wp-json\/wp\/v2\/pages"}],"about":[{"href":"https:\/\/nadirbabouri.be\/juliettedonadieu\/wp-json\/wp\/v2\/types\/page"}],"author":[{"embeddable":true,"href":"https:\/\/nadirbabouri.be\/juliettedonadieu\/wp-json\/wp\/v2\/users\/1"}],"replies":[{"embeddable":true,"href":"https:\/\/nadirbabouri.be\/juliettedonadieu\/wp-json\/wp\/v2\/comments?post=162"}],"version-history":[{"count":45,"href":"https:\/\/nadirbabouri.be\/juliettedonadieu\/wp-json\/wp\/v2\/pages\/162\/revisions"}],"predecessor-version":[{"id":410,"href":"https:\/\/nadirbabouri.be\/juliettedonadieu\/wp-json\/wp\/v2\/pages\/162\/revisions\/410"}],"wp:attachment":[{"href":"https:\/\/nadirbabouri.be\/juliettedonadieu\/wp-json\/wp\/v2\/media?parent=162"}],"curies":[{"name":"wp","href":"https:\/\/api.w.org\/{rel}","templated":true}]}}