{"id":175,"date":"2014-12-14T18:37:21","date_gmt":"2014-12-14T18:37:21","guid":{"rendered":"http:\/\/nadirbabouri.fr\/juliettedonadieu\/?page_id=175"},"modified":"2017-03-07T09:16:25","modified_gmt":"2017-03-07T09:16:25","slug":"arebaijan-love-song","status":"publish","type":"page","link":"https:\/\/nadirbabouri.be\/juliettedonadieu\/arebaijan-love-song\/","title":{"rendered":"Azerbaijan Love Song"},"content":{"rendered":"<p style=\"text-align: justify;\">Arrangement de Azerbaijan Love Song extrait des Folk Songs de Luciano Berio pour Alto, Clarinette et Percussion traditionnelle<\/p>\n<p>&nbsp;<\/p>\n<p style=\"text-align: justify;\">Quelques extraits audio int\u00e9ressants :<\/p>\n<p>&nbsp;<\/p>\n<p style=\"text-align: justify;\"><a href=\"http:\/\/www.felmay.it\/catalogue\/item.php?id=10233#.VI9vkFoc4y4\" target=\"_blank\">http:\/\/www.felmay.it\/catalogue\/item.php?id=10233#.VI9vkFoc4y4<\/a><\/p>\n<p>&nbsp;<\/p>\n<p style=\"text-align: justify;\">et si on partait sur un rythme plus lent ?<\/p>\n<p>&nbsp;<\/p>\n<p style=\"text-align: justify;\">Voici d\u00e9j\u00e0 une proposition de structure, j\u2019essaie de t\u2019envoyer les scans demain avant de partir \u00e0 Mons &#8211; l\u00e0 je vais au dodo.<\/p>\n<p>&nbsp;<\/p>\n<p style=\"text-align: justify;\"><span style=\"color: #0000ff;\">en bleu les chiffres se r\u00e9f\u00e9rant \u00e0 la partition originale<\/span><br \/>\n<span style=\"color: #ff0000;\">en rouge les points \u00e0 d\u00e9terminer encore ou que je vais t\u2019envoyer demain<\/span><\/p>\n<p>&nbsp;<\/p>\n<p style=\"text-align: justify;\">COUPLET 1<\/p>\n<p>&nbsp;<\/p>\n<p style=\"text-align: justify;\">Intro &#8211; Percu<\/p>\n<p style=\"text-align: justify;\"><span style=\"color: #0000ff;\">(D\u00e9but)<\/span> Alto+ Clarinette ensemble joue le th\u00e8me du d\u00e9but \u00e0 l&rsquo;unisson<\/p>\n<p style=\"text-align: justify;\">Installation de la rythmique (cf partition) Alto (<span style=\"color: #ff0000;\">cf scan 1 partie arrang\u00e9e<\/span>) + Percu qui tourne<\/p>\n<p style=\"text-align: justify;\"><span style=\"color: #0000ff;\">(1)<\/span> Chant + Ponctuation Clarinette <span style=\"color: #ff0000;\">(\u00e0 chercher demain)<\/span><\/p>\n<p style=\"text-align: justify;\">Jusqu\u2019\u00e0 la \u00ab cadence \u00bb <span style=\"color: #0000ff;\">(9)<\/span><\/p>\n<p style=\"text-align: justify;\">Arr\u00eat Percu &#8211; Arabesques Alto et Clarinette en r\u00e9ponse sur <span style=\"color: #ff0000;\">gamme ?<\/span>\u00a0 (Court)<\/p>\n<p style=\"text-align: justify;\">Percu reprend &#8211; J. prend Clar Basse &#8211; une fois basse install\u00e9e (<span style=\"color: #ff0000;\">cf scan 2<\/span> ) \u2014&gt; solo d\u2019Alto sur <span style=\"color: #ff0000;\">x<\/span> mesures<\/p>\n<p style=\"text-align: justify;\"><span style=\"color: #0000ff;\">(10)<\/span> Conclusion du chant sur signe de l&rsquo;Alto<\/p>\n<p>&nbsp;<\/p>\n<p style=\"text-align: justify;\">REPRISE COUPLET 2 (idem)<\/p>\n<p style=\"text-align: justify;\">Intro &#8211; Percu<\/p>\n<p style=\"text-align: justify;\"><span style=\"color: #0000ff;\">(D\u00e9but)<\/span> Alto+ Clarinette Basse ensemble joue le th\u00e8me du d\u00e9but \u00e0 l&rsquo;unisson<\/p>\n<p style=\"text-align: justify;\">Installation de la rythmique (cf partition) Clar Basse (<span style=\"color: #ff0000;\">cf scan 3 partie arrang\u00e9e<\/span>) + Percu qui tourne<\/p>\n<p style=\"text-align: justify;\"><span style=\"color: #0000ff;\">(1)<\/span> Chant + Ponctuation Alto <span style=\"color: #ff0000;\">(\u00e0 chercher demain)<\/span><\/p>\n<p style=\"text-align: justify;\">Jusqu\u2019\u00e0 la \u00ab cadence \u00bb <span style=\"color: #0000ff;\">(9)<\/span><\/p>\n<p style=\"text-align: justify;\">Arr\u00eat Percu &#8211; Arabesques Alto et Clarinette en r\u00e9ponse sur <span style=\"color: #ff0000;\">gamme ?<\/span>\u00a0 (Court)<\/p>\n<p style=\"text-align: justify;\">Percu reprend &#8211; J. prend Clarinette &#8211; une fois harmonie install\u00e9e par l&rsquo;Alto <span style=\"color: #ff0000;\">(cf scan 4 )<\/span> \u2014&gt; solo de Clarinette sur x mesures<\/p>\n<p style=\"text-align: justify;\"><span style=\"color: #0000ff;\">(11)<\/span> Conclusion finale sur signe de la Clarinette<\/p>\n","protected":false},"excerpt":{"rendered":"<p>Arrangement de Azerbaijan Love Song extrait des Folk Songs de Luciano Berio pour Alto, Clarinette et Percussion traditionnelle &nbsp; Quelques extraits audio int\u00e9ressants : &nbsp; http:\/\/www.felmay.it\/catalogue\/item.php?id=10233#.VI9vkFoc4y4 &nbsp; et si on partait sur un rythme plus lent ? &nbsp; Voici d\u00e9j\u00e0 une proposition de structure, j\u2019essaie de t\u2019envoyer les scans demain avant de partir \u00e0 Mons [&hellip;]<\/p>\n","protected":false},"author":1,"featured_media":0,"parent":0,"menu_order":0,"comment_status":"closed","ping_status":"closed","template":"","meta":{"episode_type":"","audio_file":"","podmotor_file_id":"","podmotor_episode_id":"","cover_image":"","cover_image_id":"","duration":"","filesize":"","filesize_raw":"","date_recorded":"","explicit":"","block":"","itunes_episode_number":"","itunes_title":"","itunes_season_number":"","itunes_episode_type":"","footnotes":""},"class_list":["post-175","page","type-page","status-publish","czr-hentry"],"_links":{"self":[{"href":"https:\/\/nadirbabouri.be\/juliettedonadieu\/wp-json\/wp\/v2\/pages\/175","targetHints":{"allow":["GET"]}}],"collection":[{"href":"https:\/\/nadirbabouri.be\/juliettedonadieu\/wp-json\/wp\/v2\/pages"}],"about":[{"href":"https:\/\/nadirbabouri.be\/juliettedonadieu\/wp-json\/wp\/v2\/types\/page"}],"author":[{"embeddable":true,"href":"https:\/\/nadirbabouri.be\/juliettedonadieu\/wp-json\/wp\/v2\/users\/1"}],"replies":[{"embeddable":true,"href":"https:\/\/nadirbabouri.be\/juliettedonadieu\/wp-json\/wp\/v2\/comments?post=175"}],"version-history":[{"count":8,"href":"https:\/\/nadirbabouri.be\/juliettedonadieu\/wp-json\/wp\/v2\/pages\/175\/revisions"}],"predecessor-version":[{"id":325,"href":"https:\/\/nadirbabouri.be\/juliettedonadieu\/wp-json\/wp\/v2\/pages\/175\/revisions\/325"}],"wp:attachment":[{"href":"https:\/\/nadirbabouri.be\/juliettedonadieu\/wp-json\/wp\/v2\/media?parent=175"}],"curies":[{"name":"wp","href":"https:\/\/api.w.org\/{rel}","templated":true}]}}