{"id":2,"date":"2020-06-24T10:12:53","date_gmt":"2020-06-24T08:12:53","guid":{"rendered":"http:\/\/nadirbabouri.fr\/letempsdescloches\/?page_id=2"},"modified":"2026-01-19T10:16:01","modified_gmt":"2026-01-19T09:16:01","slug":"le-temps-des-cloches","status":"publish","type":"page","link":"https:\/\/nadirbabouri.be\/letempsdescloches\/","title":{"rendered":"Le Temps Des Cloches"},"content":{"rendered":"\t\t<div data-elementor-type=\"wp-page\" data-elementor-id=\"2\" class=\"elementor elementor-2\">\n\t\t\t\t\t\t<section class=\"elementor-section elementor-top-section elementor-element elementor-element-2465352 elementor-section-boxed elementor-section-height-default elementor-section-height-default\" data-id=\"2465352\" data-element_type=\"section\" data-e-type=\"section\">\n\t\t\t\t\t\t<div class=\"elementor-container elementor-column-gap-default\">\n\t\t\t\t\t<div class=\"elementor-column elementor-col-100 elementor-top-column elementor-element elementor-element-5f5ec38\" data-id=\"5f5ec38\" data-element_type=\"column\" data-e-type=\"column\">\n\t\t\t<div class=\"elementor-widget-wrap elementor-element-populated\">\n\t\t\t\t\t\t<div class=\"elementor-element elementor-element-7e23bf3 elementor-widget elementor-widget-spacer\" data-id=\"7e23bf3\" data-element_type=\"widget\" data-e-type=\"widget\" data-widget_type=\"spacer.default\">\n\t\t\t\t<div class=\"elementor-widget-container\">\n\t\t\t\t\t\t\t<div class=\"elementor-spacer\">\n\t\t\t<div class=\"elementor-spacer-inner\"><\/div>\n\t\t<\/div>\n\t\t\t\t\t\t<\/div>\n\t\t\t\t<\/div>\n\t\t\t\t<div class=\"elementor-element elementor-element-bbfcf5c elementor-widget elementor-widget-video\" data-id=\"bbfcf5c\" data-element_type=\"widget\" data-e-type=\"widget\" data-settings=\"{&quot;video_type&quot;:&quot;hosted&quot;,&quot;image_overlay&quot;:{&quot;url&quot;:&quot;https:\\\/\\\/nadirbabouri.fr\\\/letempsdescloches\\\/wp-content\\\/uploads\\\/sites\\\/21\\\/2024\\\/12\\\/LeTempsDesCloches_nadirB.png&quot;,&quot;id&quot;:570,&quot;size&quot;:&quot;&quot;,&quot;alt&quot;:&quot;&quot;,&quot;source&quot;:&quot;library&quot;},&quot;lightbox&quot;:&quot;yes&quot;,&quot;show_image_overlay&quot;:&quot;yes&quot;,&quot;controls&quot;:&quot;yes&quot;}\" data-widget_type=\"video.default\">\n\t\t\t\t<div class=\"elementor-widget-container\">\n\t\t\t\t\t\t\t<div class=\"e-hosted-video elementor-wrapper elementor-open-lightbox\">\n\t\t\t\t\t\t\t<div class=\"elementor-custom-embed-image-overlay\" data-elementor-open-lightbox=\"yes\" data-elementor-lightbox=\"{&quot;type&quot;:&quot;video&quot;,&quot;videoType&quot;:&quot;hosted&quot;,&quot;url&quot;:&quot;https:\\\/\\\/nadirbabouri.be\\\/letempsdescloches\\\/wp-content\\\/uploads\\\/sites\\\/21\\\/2020\\\/07\\\/leTempsDesCloches11.00AM.mp4&quot;,&quot;autoplay&quot;:&quot;&quot;,&quot;modalOptions&quot;:{&quot;id&quot;:&quot;elementor-lightbox-bbfcf5c&quot;,&quot;entranceAnimation&quot;:&quot;&quot;,&quot;entranceAnimation_tablet&quot;:&quot;&quot;,&quot;entranceAnimation_mobile&quot;:&quot;&quot;,&quot;videoAspectRatio&quot;:&quot;169&quot;},&quot;videoParams&quot;:{&quot;controls&quot;:&quot;&quot;,&quot;preload&quot;:&quot;metadata&quot;,&quot;controlsList&quot;:&quot;nodownload&quot;}}\" data-e-action-hash=\"#elementor-action%3Aaction%3Dlightbox%26settings%3DeyJ0eXBlIjoidmlkZW8iLCJ2aWRlb1R5cGUiOiJob3N0ZWQiLCJ1cmwiOiJodHRwczpcL1wvbmFkaXJiYWJvdXJpLmJlXC9sZXRlbXBzZGVzY2xvY2hlc1wvd3AtY29udGVudFwvdXBsb2Fkc1wvc2l0ZXNcLzIxXC8yMDIwXC8wN1wvbGVUZW1wc0Rlc0Nsb2NoZXMxMS4wMEFNLm1wNCIsImF1dG9wbGF5IjoiIiwibW9kYWxPcHRpb25zIjp7ImlkIjoiZWxlbWVudG9yLWxpZ2h0Ym94LWJiZmNmNWMiLCJlbnRyYW5jZUFuaW1hdGlvbiI6IiIsImVudHJhbmNlQW5pbWF0aW9uX3RhYmxldCI6IiIsImVudHJhbmNlQW5pbWF0aW9uX21vYmlsZSI6IiIsInZpZGVvQXNwZWN0UmF0aW8iOiIxNjkifSwidmlkZW9QYXJhbXMiOnsiY29udHJvbHMiOiIiLCJwcmVsb2FkIjoibWV0YWRhdGEiLCJjb250cm9sc0xpc3QiOiJub2Rvd25sb2FkIn19\">\n\t\t\t\t\t\t\t\t\t\t\t<img fetchpriority=\"high\" decoding=\"async\" width=\"2880\" height=\"1748\" src=\"https:\/\/nadirbabouri.be\/letempsdescloches\/wp-content\/uploads\/sites\/21\/2024\/12\/LeTempsDesCloches_nadirB.png\" class=\"attachment-full size-full wp-image-570\" alt=\"\" srcset=\"https:\/\/nadirbabouri.be\/letempsdescloches\/wp-content\/uploads\/sites\/21\/2024\/12\/LeTempsDesCloches_nadirB.png 2880w, https:\/\/nadirbabouri.be\/letempsdescloches\/wp-content\/uploads\/sites\/21\/2024\/12\/LeTempsDesCloches_nadirB-300x182.png 300w, https:\/\/nadirbabouri.be\/letempsdescloches\/wp-content\/uploads\/sites\/21\/2024\/12\/LeTempsDesCloches_nadirB-1024x622.png 1024w, https:\/\/nadirbabouri.be\/letempsdescloches\/wp-content\/uploads\/sites\/21\/2024\/12\/LeTempsDesCloches_nadirB-768x466.png 768w, https:\/\/nadirbabouri.be\/letempsdescloches\/wp-content\/uploads\/sites\/21\/2024\/12\/LeTempsDesCloches_nadirB-1536x932.png 1536w, https:\/\/nadirbabouri.be\/letempsdescloches\/wp-content\/uploads\/sites\/21\/2024\/12\/LeTempsDesCloches_nadirB-2048x1243.png 2048w\" sizes=\"(max-width: 2880px) 100vw, 2880px\" \/>\t\t\t\t\t\t\t\t\t\t\t\t\t\t\t\t<div class=\"elementor-custom-embed-play\" role=\"button\" aria-label=\"Lire la vid\u00e9o\" tabindex=\"0\">\n\t\t\t\t\t\t\t<i aria-hidden=\"true\" class=\"eicon-play\"><\/i>\t\t\t\t\t\t<\/div>\n\t\t\t\t\t\t\t\t\t<\/div>\n\t\t\t\t\t<\/div>\n\t\t\t\t\t\t<\/div>\n\t\t\t\t<\/div>\n\t\t\t\t<div class=\"elementor-element elementor-element-9318fe3 elementor-widget elementor-widget-spacer\" data-id=\"9318fe3\" data-element_type=\"widget\" data-e-type=\"widget\" data-widget_type=\"spacer.default\">\n\t\t\t\t<div class=\"elementor-widget-container\">\n\t\t\t\t\t\t\t<div class=\"elementor-spacer\">\n\t\t\t<div class=\"elementor-spacer-inner\"><\/div>\n\t\t<\/div>\n\t\t\t\t\t\t<\/div>\n\t\t\t\t<\/div>\n\t\t\t\t<div class=\"elementor-element elementor-element-5679370 elementor-widget elementor-widget-text-editor\" data-id=\"5679370\" data-element_type=\"widget\" data-e-type=\"widget\" data-widget_type=\"text-editor.default\">\n\t\t\t\t<div class=\"elementor-widget-container\">\n\t\t\t\t\t\t\t\t\t<p style=\"text-align: justify;\">Pr\u00e9sent\u00e9e pour la premi\u00e8re fois au festival <em>L&rsquo;Art dans la ville \u00e0 Tournai en 2020, <strong>Le Temps Des Cloches<\/strong><\/em> est une installation sonore dont la mise en \u0153uvre consiste \u00e0 projeter dans les lieux qui veulent les accueillir, les m\u00e9lop\u00e9es d&rsquo;un carillon situ\u00e9 dans le quartier Saint-Brice \u00e0 Tournai. La projection sonore de ces m\u00e9lop\u00e9es est programm\u00e9e et synchronis\u00e9e aux heures exactes du jour, de sorte que ce lieu\u00a0 r\u00e9sonne en m\u00eame temps avec son environnement. \u00c0 travers l\u2019interaction entre l\u2019espace musicale et l\u2019espace urbain, une exp\u00e9rience d\u2019\u00e9coute nouvelle se d\u00e9gage. Elle m\u00e8ne vers la red\u00e9couverte du lieu et la mise en relation des espaces par le son, et par la cr\u00e9ation de r\u00e9seaux sonores au sein d\u2019une ville et\/ou entre plusieurs villes.*<\/p><p style=\"text-align: justify;\">Le carillon de Saint-Brice est un carillon automatis\u00e9 qui comporte 24 cloches sur 4 niveaux. Il date de 1987. Plusieurs musiques, profanes et sacr\u00e9es, r\u00e9alis\u00e9es par le carillonneur de Soignies, y sont programm\u00e9es. C\u2019est la soci\u00e9t\u00e9 Clock-O-Matic situ\u00e9e \u00e0 HOLSBEEK (pr\u00e8s de Louvain) qui a r\u00e9alis\u00e9 l\u2019installation et la programmation. La prise de son du carillon a permis de collecter vingt-cinq diff\u00e9rentes m\u00e9lop\u00e9es programm\u00e9es le dimanche 14 juin 2020. La prise de son a dur\u00e9 de huit heures du matin \u00e0 huit heures du soir. Une m\u00e9lop\u00e9e toutes les demi-heures.<\/p><p>La culture du carillon, c\u2019est-\u00e0-dire, l\u2019art de jouer de la musique avec des cloches, est inscrite sur la liste du patrimoine immat\u00e9riel de l\u2019Organisation des Nations Unies pour la Science et la Culture. Elle\u00a0a \u00e9t\u00e9 s\u00e9lectionn\u00e9 en 2014 sur le registre des bonnes pratiques de sauvegarde.<\/p><p><em>Le Temps Des Cloches<\/em> a \u00e9t\u00e9 pr\u00e9sent\u00e9e aux Journ\u00e9es d&rsquo;Informatique Musicale 2025 \u00e0 Lyon** en hommage \u00e0 Jean Lochard, compositeur en musique \u00e9lectronique, chercheur, d\u00e9veloppeur, et charg\u00e9 de l&rsquo;enseignement \u00e0 l&rsquo;Institut de recherche en acoustique &amp; musique \u00e0 Paris.<\/p><p style=\"text-align: justify;\">Cr\u00e9dits :<br \/>Conception, programmation &amp; installation : nadir B.<br \/>Prise de son du carillon \u00e0 l\u2019\u00e9glise Saint Brice : nadir B<\/p>\t\t\t\t\t\t\t\t<\/div>\n\t\t\t\t<\/div>\n\t\t\t\t<div class=\"elementor-element elementor-element-b767874 elementor-widget-divider--view-line elementor-widget elementor-widget-divider\" data-id=\"b767874\" data-element_type=\"widget\" data-e-type=\"widget\" data-widget_type=\"divider.default\">\n\t\t\t\t<div class=\"elementor-widget-container\">\n\t\t\t\t\t\t\t<div class=\"elementor-divider\">\n\t\t\t<span class=\"elementor-divider-separator\">\n\t\t\t\t\t\t<\/span>\n\t\t<\/div>\n\t\t\t\t\t\t<\/div>\n\t\t\t\t<\/div>\n\t\t\t\t<div class=\"elementor-element elementor-element-e257069 elementor-widget elementor-widget-text-editor\" data-id=\"e257069\" data-element_type=\"widget\" data-e-type=\"widget\" data-widget_type=\"text-editor.default\">\n\t\t\t\t<div class=\"elementor-widget-container\">\n\t\t\t\t\t\t\t\t\t<p><em>Le Temps Des Cloches<\/em> est s\u00e9lectionn\u00e9 dans le cadre de l&rsquo;appel \u00e0 projet \u00abVis ton patrimoine !\u00bb 2025-2026, du service patrimoine culturel immat\u00e9riel &amp; \u00e9thnologie de la F\u00e9d\u00e9ration Wallonie Bruxelles. <\/p>\t\t\t\t\t\t\t\t<\/div>\n\t\t\t\t<\/div>\n\t\t\t\t<div class=\"elementor-element elementor-element-02cc906 elementor-widget elementor-widget-image\" data-id=\"02cc906\" data-element_type=\"widget\" data-e-type=\"widget\" data-widget_type=\"image.default\">\n\t\t\t\t<div class=\"elementor-widget-container\">\n\t\t\t\t\t\t\t\t\t\t\t\t\t\t\t<img decoding=\"async\" width=\"257\" height=\"40\" src=\"https:\/\/nadirbabouri.be\/letempsdescloches\/wp-content\/uploads\/sites\/21\/2025\/06\/image001.jpg\" class=\"attachment-medium size-medium wp-image-630\" alt=\"\" \/>\t\t\t\t\t\t\t\t\t\t\t\t\t\t\t<\/div>\n\t\t\t\t<\/div>\n\t\t\t\t<div class=\"elementor-element elementor-element-e8ec3a8 elementor-widget-divider--view-line elementor-widget elementor-widget-divider\" data-id=\"e8ec3a8\" data-element_type=\"widget\" data-e-type=\"widget\" data-widget_type=\"divider.default\">\n\t\t\t\t<div class=\"elementor-widget-container\">\n\t\t\t\t\t\t\t<div class=\"elementor-divider\">\n\t\t\t<span class=\"elementor-divider-separator\">\n\t\t\t\t\t\t<\/span>\n\t\t<\/div>\n\t\t\t\t\t\t<\/div>\n\t\t\t\t<\/div>\n\t\t\t\t<div class=\"elementor-element elementor-element-3cc6ea7 elementor-widget elementor-widget-text-editor\" data-id=\"3cc6ea7\" data-element_type=\"widget\" data-e-type=\"widget\" data-widget_type=\"text-editor.default\">\n\t\t\t\t<div class=\"elementor-widget-container\">\n\t\t\t\t\t\t\t\t\t<p><em>Le Temps Des Cloches<\/em> a re\u00e7u un subside de la F\u00e9d\u00e9ration Wallonie Bruxelles dans le cadre du Parcours d&rsquo;Enseignement Culturel et Artistique 2023-2025.<\/p>\t\t\t\t\t\t\t\t<\/div>\n\t\t\t\t<\/div>\n\t\t\t\t<div class=\"elementor-element elementor-element-b1845b0 elementor-widget elementor-widget-image\" data-id=\"b1845b0\" data-element_type=\"widget\" data-e-type=\"widget\" data-widget_type=\"image.default\">\n\t\t\t\t<div class=\"elementor-widget-container\">\n\t\t\t\t\t\t\t\t\t\t\t\t\t\t\t<img decoding=\"async\" width=\"300\" height=\"87\" src=\"https:\/\/nadirbabouri.be\/letempsdescloches\/wp-content\/uploads\/sites\/21\/2025\/02\/logo-fwb-couleur-horizontal-300x87.jpg\" class=\"attachment-medium size-medium wp-image-595\" alt=\"\" srcset=\"https:\/\/nadirbabouri.be\/letempsdescloches\/wp-content\/uploads\/sites\/21\/2025\/02\/logo-fwb-couleur-horizontal-300x87.jpg 300w, https:\/\/nadirbabouri.be\/letempsdescloches\/wp-content\/uploads\/sites\/21\/2025\/02\/logo-fwb-couleur-horizontal-1024x299.jpg 1024w, https:\/\/nadirbabouri.be\/letempsdescloches\/wp-content\/uploads\/sites\/21\/2025\/02\/logo-fwb-couleur-horizontal-768x224.jpg 768w, https:\/\/nadirbabouri.be\/letempsdescloches\/wp-content\/uploads\/sites\/21\/2025\/02\/logo-fwb-couleur-horizontal.jpg 1382w\" sizes=\"(max-width: 300px) 100vw, 300px\" \/>\t\t\t\t\t\t\t\t\t\t\t\t\t\t\t<\/div>\n\t\t\t\t<\/div>\n\t\t\t\t<div class=\"elementor-element elementor-element-ffd561f elementor-widget-divider--view-line elementor-widget elementor-widget-divider\" data-id=\"ffd561f\" data-element_type=\"widget\" data-e-type=\"widget\" data-widget_type=\"divider.default\">\n\t\t\t\t<div class=\"elementor-widget-container\">\n\t\t\t\t\t\t\t<div class=\"elementor-divider\">\n\t\t\t<span class=\"elementor-divider-separator\">\n\t\t\t\t\t\t<\/span>\n\t\t<\/div>\n\t\t\t\t\t\t<\/div>\n\t\t\t\t<\/div>\n\t\t\t\t<div class=\"elementor-element elementor-element-2072c7c elementor-widget elementor-widget-shortcode\" data-id=\"2072c7c\" data-element_type=\"widget\" data-e-type=\"widget\" data-widget_type=\"shortcode.default\">\n\t\t\t\t<div class=\"elementor-widget-container\">\n\t\t\t\t\t\t\t<div class=\"elementor-shortcode\"><div id=\"metaslider-id-526\" style=\"width: 100%;\" class=\"ml-slider-3-108-0 metaslider metaslider-flex metaslider-526 ml-slider has-dots-nav has-carousel-mode ms-theme-default-base\" role=\"region\" aria-label=\"ltdc\" data-height=\"800\" data-width=\"1200\">\n    <div id=\"metaslider_container_526\">\n        <div id=\"metaslider_526\">\n            <ul class='slides'>\n                <li style=\"display: none; width: 100%;\" class=\"slide-529 ms-image \" aria-roledescription=\"slide\" data-date=\"2024-12-25 12:17:15\" data-filename=\"Saint-Nicolas-Artdanslaville-2016x1344.jpg\" data-slide-type=\"image\"><img loading=\"lazy\" decoding=\"async\" src=\"https:\/\/nadirbabouri.be\/letempsdescloches\/wp-content\/uploads\/sites\/21\/2024\/12\/Saint-Nicolas-Artdanslaville-2016x1344.jpg\" height=\"800\" width=\"1200\" alt=\"\" class=\"slider-526 slide-529 msDefaultImage\" title=\"Saint-Nicolas-Artdanslaville\" \/><div class=\"caption-wrap\"><div class=\"caption\"><div>Festival L'Art Dans La Ville | Rue du Chateau | Tournai | 2020<\/div><\/div><\/div><\/li>\n                <li style=\"display: none; width: 100%;\" class=\"slide-532 ms-image \" aria-roledescription=\"slide\" data-date=\"2024-12-25 12:17:15\" data-filename=\"IMG_20200824_161342-scaled-2400x1600.jpg\" data-slide-type=\"image\"><img loading=\"lazy\" decoding=\"async\" src=\"https:\/\/nadirbabouri.be\/letempsdescloches\/wp-content\/uploads\/sites\/21\/2021\/05\/IMG_20200824_161342-scaled-2400x1600.jpg\" height=\"800\" width=\"1200\" alt=\"\" class=\"slider-526 slide-532 msDefaultImage\" title=\"smart\" \/><div class=\"caption-wrap\"><div class=\"caption\"><div><em>Le Temps Des Coches<\/em> | R\u00e9sidence Artistique\u00a0<\/div><\/div><\/div><\/li>\n                <li style=\"display: none; width: 100%;\" class=\"slide-536 ms-image \" aria-roledescription=\"slide\" data-date=\"2024-12-25 12:17:15\" data-filename=\"IMG_20210505_123847-scaled-1920x1280.jpg\" data-slide-type=\"image\"><img loading=\"lazy\" decoding=\"async\" src=\"https:\/\/nadirbabouri.be\/letempsdescloches\/wp-content\/uploads\/sites\/21\/2021\/05\/IMG_20210505_123847-scaled-1920x1280.jpg\" height=\"800\" width=\"1200\" alt=\"\" class=\"slider-526 slide-536 msDefaultImage\" \/><div class=\"caption-wrap\"><div class=\"caption\"><div><em>Le Temps Des Cloches<\/em> | \u00c0 L'ESSENTIEL | Ath | Mai 2021<\/div><\/div><\/div><\/li>\n                <li style=\"display: none; width: 100%;\" class=\"slide-537 ms-image \" aria-roledescription=\"slide\" data-date=\"2024-12-25 12:17:15\" data-filename=\"IMG_20210720_165702-scaled-1920x1280.jpg\" data-slide-type=\"image\"><img loading=\"lazy\" decoding=\"async\" src=\"https:\/\/nadirbabouri.be\/letempsdescloches\/wp-content\/uploads\/sites\/21\/2021\/07\/IMG_20210720_165702-scaled-1920x1280.jpg\" height=\"800\" width=\"1200\" alt=\"\" class=\"slider-526 slide-537 msDefaultImage\" title=\"smart\" \/><div class=\"caption-wrap\"><div class=\"caption\"><div><em>Le Temps Des Cloches<\/em> | La Grange | Les Vosges | 2021<\/div><\/div><\/div><\/li>\n                <li style=\"display: none; width: 100%;\" class=\"slide-538 ms-image \" aria-roledescription=\"slide\" data-date=\"2024-12-25 12:17:15\" data-filename=\"academiePeruwelz5-560x373.jpeg\" data-slide-type=\"image\"><img loading=\"lazy\" decoding=\"async\" src=\"https:\/\/nadirbabouri.be\/letempsdescloches\/wp-content\/uploads\/sites\/21\/2024\/12\/academiePeruwelz5-560x373.jpeg\" height=\"800\" width=\"1200\" alt=\"\" class=\"slider-526 slide-538 msDefaultImage\" title=\"acade\u0301miePeruwelz5\" \/><div class=\"caption-wrap\"><div class=\"caption\"><div><em>Le Temps Des Cloches<\/em> | Acad\u00e9mie de Musique de Peruwelz | F\u00eate de la Musique | Juin 2023<\/div><\/div><\/div><\/li>\n                <li style=\"display: none; width: 100%;\" class=\"slide-540 ms-image \" aria-roledescription=\"slide\" data-date=\"2024-12-25 12:20:29\" data-filename=\"20240612_102641-scaled-1920x1280.jpg\" data-slide-type=\"image\"><img loading=\"lazy\" decoding=\"async\" src=\"https:\/\/nadirbabouri.be\/letempsdescloches\/wp-content\/uploads\/sites\/21\/2024\/12\/20240612_102641-scaled-1920x1280.jpg\" height=\"800\" width=\"1200\" alt=\"\" class=\"slider-526 slide-540 msDefaultImage\" title=\"20240612_102641\" \/><div class=\"caption-wrap\"><div class=\"caption\"><div><em>Le Temps Des Cloches<\/em> | Bibliotheek | Kortrijk | 2024<\/div><\/div><\/div><\/li>\n                <li style=\"display: none; width: 100%;\" class=\"slide-613 ms-image \" aria-roledescription=\"slide\" data-date=\"2025-02-06 15:48:48\" data-filename=\"02_nadirB_ltdc_etincelles_LesPetitsColibris_En_Classe_Photo-scaled-2400x1600.jpg\" data-slide-type=\"image\"><img loading=\"lazy\" decoding=\"async\" src=\"https:\/\/nadirbabouri.be\/letempsdescloches\/wp-content\/uploads\/sites\/21\/2025\/02\/02_nadirB_ltdc_etincelles_LesPetitsColibris_En_Classe_Photo-scaled-2400x1600.jpg\" height=\"800\" width=\"1200\" alt=\"\" class=\"slider-526 slide-613 msDefaultImage\" title=\"02_nadirB_ltdc_e\u0301tincelles_LesPetitsColibris_En_Classe_Photo\" \/><div class=\"caption-wrap\"><div class=\"caption\"><div><em>Le Temps Des Cloches<\/em> | Les Petits Colibris | 2024<\/div><\/div><\/div><\/li>\n                <li style=\"display: none; width: 100%;\" class=\"slide-614 ms-image \" aria-roledescription=\"slide\" data-date=\"2025-02-06 15:50:57\" data-filename=\"04_nadirB_ltdc_etincelles_LesPetitsColibris_En_Classe_Photo-scaled-1920x1280.jpg\" data-slide-type=\"image\"><img loading=\"lazy\" decoding=\"async\" src=\"https:\/\/nadirbabouri.be\/letempsdescloches\/wp-content\/uploads\/sites\/21\/2025\/02\/04_nadirB_ltdc_etincelles_LesPetitsColibris_En_Classe_Photo-scaled-1920x1280.jpg\" height=\"800\" width=\"1200\" alt=\"\" class=\"slider-526 slide-614 msDefaultImage\" title=\"04_nadirB_ltdc_e\u0301tincelles_LesPetitsColibris_En_Classe_Photo\" \/><div class=\"caption-wrap\"><div class=\"caption\"><div>Insstallation |\u00a0<em>Le Temps Des Cloches<\/em> | Les Petits Colibris | 2024<\/div><\/div><\/div><\/li>\n                <li style=\"display: none; width: 100%;\" class=\"slide-615 ms-image \" aria-roledescription=\"slide\" data-date=\"2025-02-06 15:51:55\" data-filename=\"ltdc_Colibris_SaintNicolas_nadirB_Peca_Etincelles_Photos_04-scaled-2400x1600.jpg\" data-slide-type=\"image\"><img loading=\"lazy\" decoding=\"async\" src=\"https:\/\/nadirbabouri.be\/letempsdescloches\/wp-content\/uploads\/sites\/21\/2025\/02\/ltdc_Colibris_SaintNicolas_nadirB_Peca_Etincelles_Photos_04-scaled-2400x1600.jpg\" height=\"800\" width=\"1200\" alt=\"\" class=\"slider-526 slide-615 msDefaultImage\" title=\"ltdc_Colibris_SaintNicolas_nadirB_Peca_E\u0301tincelles_Photos_04\" \/><div class=\"caption-wrap\"><div class=\"caption\"><div><em>Le Temps Des Cloches<\/em> | Les Petits Colibris | Concert1 | Saint Nicolas | 2024<\/div><\/div><\/div><\/li>\n                <li style=\"display: none; width: 100%;\" class=\"slide-616 ms-image \" aria-roledescription=\"slide\" data-date=\"2025-02-06 15:51:55\" data-filename=\"ltdc_Colibris_SaintNicolas_nadirB_Peca_Etincelles_Photos_03-scaled-1920x1280.jpg\" data-slide-type=\"image\"><img loading=\"lazy\" decoding=\"async\" src=\"https:\/\/nadirbabouri.be\/letempsdescloches\/wp-content\/uploads\/sites\/21\/2025\/02\/ltdc_Colibris_SaintNicolas_nadirB_Peca_Etincelles_Photos_03-scaled-1920x1280.jpg\" height=\"800\" width=\"1200\" alt=\"\" class=\"slider-526 slide-616 msDefaultImage\" title=\"ltdc_Colibris_SaintNicolas_nadirB_Peca_E\u0301tincelles_Photos_03\" \/><div class=\"caption-wrap\"><div class=\"caption\"><div> <div><em>Le Temps Des Cloches<\/em> | Les Petits Colibris | Concert2 | Saint Nicolas | 2024<\/div> <\/div><\/div><\/div><\/li>\n                <li style=\"display: none; width: 100%;\" class=\"slide-662 ms-image \" aria-roledescription=\"slide\" data-date=\"2025-06-30 16:11:41\" data-filename=\"IMG_20250624_094814064_MFNR-scaled-1732x1155.jpg\" data-slide-type=\"image\"><img loading=\"lazy\" decoding=\"async\" src=\"https:\/\/nadirbabouri.be\/letempsdescloches\/wp-content\/uploads\/sites\/21\/2025\/06\/IMG_20250624_094814064_MFNR-scaled-1732x1155.jpg\" height=\"800\" width=\"1200\" alt=\"\" class=\"slider-526 slide-662 msDefaultImage\" title=\"IMG_20250624_094814064_MFNR\" \/><div class=\"caption-wrap\"><div class=\"caption\"><div>Journ\u00e9es de l'Informatique Musicale 2025 - Juin 23-25 - Lyon<\/div><\/div><\/div><\/li>\n            <\/ul>\n        <\/div>\n        \n    <\/div>\n<\/div><\/div>\n\t\t\t\t\t\t<\/div>\n\t\t\t\t<\/div>\n\t\t\t\t\t<\/div>\n\t\t<\/div>\n\t\t\t\t\t<\/div>\n\t\t<\/section>\n\t\t\t\t<section class=\"elementor-section elementor-top-section elementor-element elementor-element-5733484 elementor-section-boxed elementor-section-height-default elementor-section-height-default\" data-id=\"5733484\" data-element_type=\"section\" data-e-type=\"section\">\n\t\t\t\t\t\t<div class=\"elementor-container elementor-column-gap-default\">\n\t\t\t\t\t<div class=\"elementor-column elementor-col-100 elementor-top-column elementor-element elementor-element-463f2a3\" data-id=\"463f2a3\" data-element_type=\"column\" data-e-type=\"column\">\n\t\t\t<div class=\"elementor-widget-wrap elementor-element-populated\">\n\t\t\t\t\t\t<div class=\"elementor-element elementor-element-6fefe19 elementor-widget elementor-widget-text-editor\" data-id=\"6fefe19\" data-element_type=\"widget\" data-e-type=\"widget\" data-widget_type=\"text-editor.default\">\n\t\t\t\t<div class=\"elementor-widget-container\">\n\t\t\t\t\t\t\t\t\t<p>*Azadeh Nilchiani. <em>Installation sonore urbaine, un r\u00e9seau sonore<\/em>. Th\u00e8se de doctorat de l&rsquo;universit\u00e9 Gustave Eiffel. 2021.<\/p><p>** <a href=\"https:\/\/jimlac25.inria.fr\/program\/\">https:\/\/jimlac25.inria.fr\/program\/<\/a><\/p>\t\t\t\t\t\t\t\t<\/div>\n\t\t\t\t<\/div>\n\t\t\t\t\t<\/div>\n\t\t<\/div>\n\t\t\t\t\t<\/div>\n\t\t<\/section>\n\t\t\t\t<\/div>\n\t\t","protected":false},"excerpt":{"rendered":"<p>Le Temps Des Cloches est une installation sonore.<\/p>\n","protected":false},"author":1,"featured_media":12,"parent":0,"menu_order":0,"comment_status":"closed","ping_status":"closed","template":"elementor_header_footer","meta":{"episode_type":"","audio_file":"","podmotor_file_id":"","podmotor_episode_id":"","cover_image":"","cover_image_id":"","duration":"","filesize":"","filesize_raw":"","date_recorded":"","explicit":"","block":"","itunes_episode_number":"","itunes_title":"","itunes_season_number":"","itunes_episode_type":"","footnotes":""},"class_list":["post-2","page","type-page","status-publish","has-post-thumbnail","czr-hentry"],"_links":{"self":[{"href":"https:\/\/nadirbabouri.be\/letempsdescloches\/wp-json\/wp\/v2\/pages\/2","targetHints":{"allow":["GET"]}}],"collection":[{"href":"https:\/\/nadirbabouri.be\/letempsdescloches\/wp-json\/wp\/v2\/pages"}],"about":[{"href":"https:\/\/nadirbabouri.be\/letempsdescloches\/wp-json\/wp\/v2\/types\/page"}],"author":[{"embeddable":true,"href":"https:\/\/nadirbabouri.be\/letempsdescloches\/wp-json\/wp\/v2\/users\/1"}],"replies":[{"embeddable":true,"href":"https:\/\/nadirbabouri.be\/letempsdescloches\/wp-json\/wp\/v2\/comments?post=2"}],"version-history":[{"count":474,"href":"https:\/\/nadirbabouri.be\/letempsdescloches\/wp-json\/wp\/v2\/pages\/2\/revisions"}],"predecessor-version":[{"id":674,"href":"https:\/\/nadirbabouri.be\/letempsdescloches\/wp-json\/wp\/v2\/pages\/2\/revisions\/674"}],"wp:featuredmedia":[{"embeddable":true,"href":"https:\/\/nadirbabouri.be\/letempsdescloches\/wp-json\/wp\/v2\/media\/12"}],"wp:attachment":[{"href":"https:\/\/nadirbabouri.be\/letempsdescloches\/wp-json\/wp\/v2\/media?parent=2"}],"curies":[{"name":"wp","href":"https:\/\/api.w.org\/{rel}","templated":true}]}}