{"id":2,"date":"2019-07-16T17:44:32","date_gmt":"2019-07-16T15:44:32","guid":{"rendered":"http:\/\/nadirbabouri.fr\/percussion-exploration\/?page_id=2"},"modified":"2026-01-15T20:39:41","modified_gmt":"2026-01-15T19:39:41","slug":"page-d-exemple","status":"publish","type":"page","link":"https:\/\/nadirbabouri.be\/percussion-exploration\/","title":{"rendered":"Presentation"},"content":{"rendered":"\t\t<div data-elementor-type=\"wp-post\" data-elementor-id=\"2\" class=\"elementor elementor-2\">\n\t\t\t\t\t\t<section class=\"elementor-section elementor-top-section elementor-element elementor-element-2f0cedd9 elementor-section-height-min-height elementor-section-boxed elementor-section-height-default elementor-section-items-middle\" data-id=\"2f0cedd9\" data-element_type=\"section\" data-e-type=\"section\" data-settings=\"{&quot;background_background&quot;:&quot;slideshow&quot;,&quot;background_slideshow_gallery&quot;:[{&quot;id&quot;:24,&quot;url&quot;:&quot;https:\\\/\\\/nadirbabouri.be\\\/percussion-exploration\\\/wp-content\\\/uploads\\\/sites\\\/18\\\/2019\\\/07\\\/flatness_buto_80.png&quot;},{&quot;id&quot;:23,&quot;url&quot;:&quot;https:\\\/\\\/nadirbabouri.be\\\/percussion-exploration\\\/wp-content\\\/uploads\\\/sites\\\/18\\\/2019\\\/07\\\/flatness_buto_79.png&quot;},{&quot;id&quot;:22,&quot;url&quot;:&quot;https:\\\/\\\/nadirbabouri.be\\\/percussion-exploration\\\/wp-content\\\/uploads\\\/sites\\\/18\\\/2019\\\/07\\\/flatness_buto_78.png&quot;},{&quot;id&quot;:21,&quot;url&quot;:&quot;https:\\\/\\\/nadirbabouri.be\\\/percussion-exploration\\\/wp-content\\\/uploads\\\/sites\\\/18\\\/2019\\\/07\\\/flatness_buto_77.png&quot;},{&quot;id&quot;:20,&quot;url&quot;:&quot;https:\\\/\\\/nadirbabouri.be\\\/percussion-exploration\\\/wp-content\\\/uploads\\\/sites\\\/18\\\/2019\\\/07\\\/flatness_buto_75.png&quot;}],&quot;background_slideshow_slide_duration&quot;:3,&quot;background_slideshow_loop&quot;:&quot;yes&quot;,&quot;background_slideshow_slide_transition&quot;:&quot;fade&quot;,&quot;background_slideshow_transition_duration&quot;:500}\">\n\t\t\t\t\t\t<div class=\"elementor-container elementor-column-gap-default\">\n\t\t\t\t\t<div class=\"elementor-column elementor-col-100 elementor-top-column elementor-element elementor-element-2d108656\" data-id=\"2d108656\" data-element_type=\"column\" data-e-type=\"column\">\n\t\t\t<div class=\"elementor-widget-wrap elementor-element-populated\">\n\t\t\t\t\t\t<div class=\"elementor-element elementor-element-1e316ca1 elementor-widget elementor-widget-text-editor\" data-id=\"1e316ca1\" data-element_type=\"widget\" data-e-type=\"widget\" data-widget_type=\"text-editor.default\">\n\t\t\t\t\t\t\t\t\t<h1><em><span style=\"font-family: helvetica, arial, sans-serif; font-size: 10pt;\"><span style=\"font-size: 12pt;\"><span style=\"color: #808080;\"><strong>\u00a0<\/strong><\/span><\/span><\/span><\/em><\/h1><p><span style=\"font-family: helvetica, arial, sans-serif; font-size: 10pt;\">\u00ab\u00a0Le chaos n&rsquo;est pas un \u00e9tat informe ou un m\u00e9lange confus et inerte, mais plut\u00f4t le lieu d&rsquo;un devenir plastique et dynamique, d&rsquo;o\u00f9 jaillissent sans cesse des d\u00e9terminations qui s&rsquo;\u00e9bauchent et s&rsquo;\u00e9vanouissent \u00e0 vitesse infinie(&#8230;)\u00a0\u00bb <\/span><\/p><p><strong><span style=\"font-family: helvetica, arial, sans-serif; font-size: 10pt;\">Manola Antonioli \u00ab\u00a0Chao\u00efde\u00a0\u00bb. Les Cahiers de Noesis n\u00b03. C.R.H.I. 2003<\/span><\/strong><\/p>\t\t\t\t\t\t\t\t<\/div>\n\t\t\t\t\t<\/div>\n\t\t<\/div>\n\t\t\t\t\t<\/div>\n\t\t<\/section>\n\t\t\t\t<section class=\"elementor-section elementor-top-section elementor-element elementor-element-a7c0e14 elementor-section-boxed elementor-section-height-default elementor-section-height-default\" data-id=\"a7c0e14\" data-element_type=\"section\" data-e-type=\"section\">\n\t\t\t\t\t\t<div class=\"elementor-container elementor-column-gap-default\">\n\t\t\t\t\t<div class=\"elementor-column elementor-col-100 elementor-top-column elementor-element elementor-element-698bed8\" data-id=\"698bed8\" data-element_type=\"column\" data-e-type=\"column\">\n\t\t\t<div class=\"elementor-widget-wrap elementor-element-populated\">\n\t\t\t\t\t\t<div class=\"elementor-element elementor-element-b8be056 elementor-widget__width-auto elementor-widget elementor-widget-html\" data-id=\"b8be056\" data-element_type=\"widget\" data-e-type=\"widget\" data-widget_type=\"html.default\">\n\t\t\t\t\t<iframe style=\"border: 0; width: 700px; height: 241px;\" src=\"https:\/\/bandcamp.com\/EmbeddedPlayer\/album=1671810932\/size=large\/bgcol=ffffff\/linkcol=333333\/artwork=small\/transparent=true\/\" seamless><a href=\"https:\/\/nadirb.bandcamp.com\/album\/percussion-exploration-iii\">Percussion Exploration III by nadir B.<\/a><\/iframe>\t\t\t\t<\/div>\n\t\t\t\t\t<\/div>\n\t\t<\/div>\n\t\t\t\t\t<\/div>\n\t\t<\/section>\n\t\t\t\t<section class=\"elementor-section elementor-top-section elementor-element elementor-element-49e0b40 elementor-section-boxed elementor-section-height-default elementor-section-height-default\" data-id=\"49e0b40\" data-element_type=\"section\" data-e-type=\"section\">\n\t\t\t\t\t\t<div class=\"elementor-container elementor-column-gap-default\">\n\t\t\t\t\t<div class=\"elementor-column elementor-col-100 elementor-top-column elementor-element elementor-element-7b5dc52\" data-id=\"7b5dc52\" data-element_type=\"column\" data-e-type=\"column\">\n\t\t\t<div class=\"elementor-widget-wrap elementor-element-populated\">\n\t\t\t\t\t\t<div class=\"elementor-element elementor-element-419bc7d elementor-widget elementor-widget-html\" data-id=\"419bc7d\" data-element_type=\"widget\" data-e-type=\"widget\" data-widget_type=\"html.default\">\n\t\t\t\t\t<iframe style=\"border: 0; width: 700px; height: 120px;\" src=\"https:\/\/bandcamp.com\/EmbeddedPlayer\/album=3700887325\/size=large\/bgcol=ffffff\/linkcol=333333\/tracklist=false\/artwork=small\/transparent=true\/\" seamless><a href=\"https:\/\/nadirb.bandcamp.com\/album\/percussion-exploration-ii\">Percussion Exploration II by nadir B.<\/a><\/iframe>\t\t\t\t<\/div>\n\t\t\t\t\t<\/div>\n\t\t<\/div>\n\t\t\t\t\t<\/div>\n\t\t<\/section>\n\t\t\t\t<section class=\"elementor-section elementor-top-section elementor-element elementor-element-14a3145 elementor-section-boxed elementor-section-height-default elementor-section-height-default\" data-id=\"14a3145\" data-element_type=\"section\" data-e-type=\"section\">\n\t\t\t\t\t\t<div class=\"elementor-container elementor-column-gap-default\">\n\t\t\t\t\t<div class=\"elementor-column elementor-col-100 elementor-top-column elementor-element elementor-element-5a44d63\" data-id=\"5a44d63\" data-element_type=\"column\" data-e-type=\"column\">\n\t\t\t<div class=\"elementor-widget-wrap elementor-element-populated\">\n\t\t\t\t\t\t<div class=\"elementor-element elementor-element-744b6fd elementor-widget elementor-widget-audio\" data-id=\"744b6fd\" data-element_type=\"widget\" data-e-type=\"widget\" data-widget_type=\"audio.default\">\n\t\t\t\t\t\t\t\t<div class=\"elementor-soundcloud-wrapper\">\n\t\t\t\t<iframe width=\"1140\" height=\"450\" frameborder=\"no\" src=\"https:\/\/w.soundcloud.com\/player\/?visual=false&#038;url=https%3A%2F%2Fapi.soundcloud.com%2Fplaylists%2F843373892&#038;show_artwork=true&#038;maxheight=1000&#038;maxwidth=1140&#038;auto_play=false&#038;buying=false&#038;liking=false&#038;download=false&#038;sharing=true&#038;show_comments=false&#038;show_playcount=false&#038;show_user=true&#038;color=000000\"><\/iframe>\t\t\t<\/div>\n\t\t\t\t\t\t\t<\/div>\n\t\t\t\t\t<\/div>\n\t\t<\/div>\n\t\t\t\t\t<\/div>\n\t\t<\/section>\n\t\t\t\t<section class=\"elementor-section elementor-top-section elementor-element elementor-element-06fdffd elementor-section-boxed elementor-section-height-default elementor-section-height-default\" data-id=\"06fdffd\" data-element_type=\"section\" data-e-type=\"section\">\n\t\t\t\t\t\t<div class=\"elementor-container elementor-column-gap-default\">\n\t\t\t\t\t<div class=\"elementor-column elementor-col-100 elementor-top-column elementor-element elementor-element-887c9e8\" data-id=\"887c9e8\" data-element_type=\"column\" data-e-type=\"column\">\n\t\t\t<div class=\"elementor-widget-wrap elementor-element-populated\">\n\t\t\t\t\t\t\t<\/div>\n\t\t<\/div>\n\t\t\t\t\t<\/div>\n\t\t<\/section>\n\t\t\t\t<\/div>\n\t\t","protected":false},"excerpt":{"rendered":"<p>\u00a0 \u00ab\u00a0Le chaos n&rsquo;est pas un \u00e9tat informe ou un m\u00e9lange confus et inerte, mais plut\u00f4t le lieu d&rsquo;un devenir plastique et dynamique, d&rsquo;o\u00f9 jaillissent sans cesse des d\u00e9terminations qui s&rsquo;\u00e9bauchent et s&rsquo;\u00e9vanouissent \u00e0 vitesse infinie(&#8230;)\u00a0\u00bb Manola Antonioli \u00ab\u00a0Chao\u00efde\u00a0\u00bb. Les Cahiers de Noesis n\u00b03. C.R.H.I. 2003 Percussion Exploration III by nadir B. Percussion Exploration II [&hellip;]<\/p>\n","protected":false},"author":1,"featured_media":0,"parent":0,"menu_order":0,"comment_status":"closed","ping_status":"open","template":"","meta":{"episode_type":"","audio_file":"","podmotor_file_id":"","podmotor_episode_id":"","cover_image":"","cover_image_id":"","duration":"","filesize":"","filesize_raw":"","date_recorded":"","explicit":"","block":"","itunes_episode_number":"","itunes_title":"","itunes_season_number":"","itunes_episode_type":"","footnotes":""},"class_list":["post-2","page","type-page","status-publish","czr-hentry"],"_links":{"self":[{"href":"https:\/\/nadirbabouri.be\/percussion-exploration\/wp-json\/wp\/v2\/pages\/2","targetHints":{"allow":["GET"]}}],"collection":[{"href":"https:\/\/nadirbabouri.be\/percussion-exploration\/wp-json\/wp\/v2\/pages"}],"about":[{"href":"https:\/\/nadirbabouri.be\/percussion-exploration\/wp-json\/wp\/v2\/types\/page"}],"author":[{"embeddable":true,"href":"https:\/\/nadirbabouri.be\/percussion-exploration\/wp-json\/wp\/v2\/users\/1"}],"replies":[{"embeddable":true,"href":"https:\/\/nadirbabouri.be\/percussion-exploration\/wp-json\/wp\/v2\/comments?post=2"}],"version-history":[{"count":164,"href":"https:\/\/nadirbabouri.be\/percussion-exploration\/wp-json\/wp\/v2\/pages\/2\/revisions"}],"predecessor-version":[{"id":335,"href":"https:\/\/nadirbabouri.be\/percussion-exploration\/wp-json\/wp\/v2\/pages\/2\/revisions\/335"}],"wp:attachment":[{"href":"https:\/\/nadirbabouri.be\/percussion-exploration\/wp-json\/wp\/v2\/media?parent=2"}],"curies":[{"name":"wp","href":"https:\/\/api.w.org\/{rel}","templated":true}]}}